{"id":146,"date":"2024-05-09T14:46:26","date_gmt":"2024-05-09T12:46:26","guid":{"rendered":"https:\/\/munchkin-nook.com\/?page_id=146"},"modified":"2024-06-03T16:40:12","modified_gmt":"2024-06-03T14:40:12","slug":"konyv-rendeles","status":"publish","type":"page","link":"https:\/\/munchkin-nook.com\/hu\/konyv-rendeles\/","title":{"rendered":"K\u00f6nyvrendel\u00e9s"},"content":{"rendered":"<section class=\"l-section wpb_row height_small\"><div class=\"l-section-h i-cf\"><div class=\"g-cols vc_row via_flex valign_top type_default stacking_default\"><div class=\"vc_col-sm-12 wpb_column vc_column_container\"><div class=\"vc_column-inner\"><div class=\"wpb_wrapper\"><div class=\"wpb_text_column\"><div class=\"wpb_wrapper\"><h1 style=\"text-align: center;\">K\u00f6nyvrendel\u00e9s<\/h1>\n<\/div><\/div><\/div><\/div><\/div><\/div><\/div><\/section><section class=\"l-section wpb_row height_small\"><div class=\"l-section-h i-cf\"><div class=\"g-cols vc_row via_flex valign_top type_default stacking_default\"><div class=\"vc_col-sm-12 wpb_column vc_column_container\"><div class=\"vc_column-inner\"><div class=\"wpb_wrapper\"><div class=\"wpb_text_column\"><div class=\"wpb_wrapper\"><h4 style=\"text-align: center;\">N\u00e9h\u00e1ny oldal a mesek\u00f6nyvb\u0151l.<\/h4>\n<\/div><\/div><div class=\"w-grid type_carousel layout_gallery_default\" id=\"us_grid_1\" style=\"--gap:1.5rem;\"><style>.layout_gallery_default .w-grid-item-h{}<\/style><div class=\"w-grid-list owl-carousel navstyle_block navpos_inside with_dots\" style=\"--arrows-size:1.8rem;\">\t<article class=\"w-grid-item post-266 attachment type-attachment status-inherit hentry\" data-id=\"266\">\r\n\t\t<div class=\"w-grid-item-h\">\r\n\t\t\t\t\t\t<div class=\"w-post-elm post_image usg_post_image_1 stretched\"><img loading=\"lazy\" decoding=\"async\" width=\"2000\" height=\"1000\" src=\"https:\/\/munchkin-nook.com\/wp-content\/uploads\/2024\/05\/mesekonyv-oldalpar2.jpg\" class=\"attachment-full size-full\" alt=\"\" srcset=\"https:\/\/munchkin-nook.com\/wp-content\/uploads\/2024\/05\/mesekonyv-oldalpar2.jpg 2000w, https:\/\/munchkin-nook.com\/wp-content\/uploads\/2024\/05\/mesekonyv-oldalpar2-600x300.jpg 600w, https:\/\/munchkin-nook.com\/wp-content\/uploads\/2024\/05\/mesekonyv-oldalpar2-1024x512.jpg 1024w, https:\/\/munchkin-nook.com\/wp-content\/uploads\/2024\/05\/mesekonyv-oldalpar2-300x150.jpg 300w\" sizes=\"auto, (max-width: 2000px) 100vw, 2000px\" \/><\/div>\t\t<\/div>\r\n\t<\/article>\r\n\t<article class=\"w-grid-item post-270 attachment type-attachment status-inherit hentry\" data-id=\"270\">\r\n\t\t<div class=\"w-grid-item-h\">\r\n\t\t\t\t\t\t<div class=\"w-post-elm post_image usg_post_image_1 stretched\"><img loading=\"lazy\" decoding=\"async\" width=\"2000\" height=\"1000\" src=\"https:\/\/munchkin-nook.com\/wp-content\/uploads\/2024\/05\/oladalpar-3-manozug.jpg\" class=\"attachment-full size-full\" alt=\"\" srcset=\"https:\/\/munchkin-nook.com\/wp-content\/uploads\/2024\/05\/oladalpar-3-manozug.jpg 2000w, https:\/\/munchkin-nook.com\/wp-content\/uploads\/2024\/05\/oladalpar-3-manozug-600x300.jpg 600w, https:\/\/munchkin-nook.com\/wp-content\/uploads\/2024\/05\/oladalpar-3-manozug-1024x512.jpg 1024w, https:\/\/munchkin-nook.com\/wp-content\/uploads\/2024\/05\/oladalpar-3-manozug-300x150.jpg 300w\" sizes=\"auto, (max-width: 2000px) 100vw, 2000px\" \/><\/div>\t\t<\/div>\r\n\t<\/article>\r\n\t<article class=\"w-grid-item post-246 attachment type-attachment status-inherit hentry\" data-id=\"246\">\r\n\t\t<div class=\"w-grid-item-h\">\r\n\t\t\t\t\t\t<div class=\"w-post-elm post_image usg_post_image_1 stretched\"><img loading=\"lazy\" decoding=\"async\" width=\"2000\" height=\"1000\" src=\"https:\/\/munchkin-nook.com\/wp-content\/uploads\/2024\/05\/oldalpar-manozug-1.jpg\" class=\"attachment-full size-full\" alt=\"\" srcset=\"https:\/\/munchkin-nook.com\/wp-content\/uploads\/2024\/05\/oldalpar-manozug-1.jpg 2000w, https:\/\/munchkin-nook.com\/wp-content\/uploads\/2024\/05\/oldalpar-manozug-1-600x300.jpg 600w, https:\/\/munchkin-nook.com\/wp-content\/uploads\/2024\/05\/oldalpar-manozug-1-1024x512.jpg 1024w, https:\/\/munchkin-nook.com\/wp-content\/uploads\/2024\/05\/oldalpar-manozug-1-300x150.jpg 300w\" sizes=\"auto, (max-width: 2000px) 100vw, 2000px\" \/><\/div>\t\t<\/div>\r\n\t<\/article>\r\n<\/div>\t<div class=\"g-preloader type_1\">\r\n\t\t<div><\/div>\r\n\t<\/div>\r\n\t\t<div class=\"w-grid-json hidden\" onclick='return {&quot;action&quot;:&quot;us_ajax_grid&quot;,&quot;ajax_url&quot;:&quot;https:\\\/\\\/munchkin-nook.com\\\/wp-admin\\\/admin-ajax.php&quot;,&quot;infinite_scroll&quot;:0,&quot;max_num_pages&quot;:1,&quot;pagination&quot;:&quot;none&quot;,&quot;template_vars&quot;:{&quot;columns&quot;:&quot;1&quot;,&quot;exclude_items&quot;:&quot;none&quot;,&quot;img_size&quot;:&quot;full&quot;,&quot;ignore_items_size&quot;:0,&quot;items_layout&quot;:&quot;gallery_default&quot;,&quot;items_offset&quot;:&quot;1&quot;,&quot;load_animation&quot;:&quot;none&quot;,&quot;overriding_link&quot;:&quot;%7B%22url%22%3A%22%22%7D&quot;,&quot;post_id&quot;:0,&quot;query_args&quot;:{&quot;post_type&quot;:[&quot;attachment&quot;],&quot;post__in&quot;:[&quot;246&quot;,&quot;266&quot;,&quot;270&quot;],&quot;post_status&quot;:&quot;inherit&quot;,&quot;post_mime_type&quot;:&quot;image&quot;,&quot;posts_per_page&quot;:&quot;15&quot;},&quot;orderby_query_args&quot;:{&quot;orderby&quot;:{&quot;title&quot;:&quot;ASC&quot;},&quot;order&quot;:&quot;ASC&quot;},&quot;type&quot;:&quot;carousel&quot;,&quot;us_grid_ajax_index&quot;:1,&quot;us_grid_filter_params&quot;:[],&quot;us_grid_index&quot;:1,&quot;_us_grid_post_type&quot;:&quot;attachment&quot;,&quot;page_args&quot;:[],&quot;lang&quot;:&quot;hu&quot;},&quot;carousel_settings&quot;:{&quot;autoHeight&quot;:0,&quot;autoplay&quot;:1,&quot;carousel_fade&quot;:0,&quot;center&quot;:0,&quot;dots&quot;:1,&quot;items&quot;:&quot;1&quot;,&quot;loop&quot;:true,&quot;nav&quot;:1,&quot;slideby&quot;:&quot;1&quot;,&quot;smooth_play&quot;:0,&quot;speed&quot;:250,&quot;timeout&quot;:3000,&quot;transition&quot;:&quot;&quot;,&quot;aria_labels&quot;:{&quot;prev&quot;:&quot;El\\u0151z\\u0151&quot;,&quot;next&quot;:&quot;K\\u00f6vetkez\\u0151&quot;}},&quot;carousel_breakpoints&quot;:{&quot;0&quot;:{&quot;autoHeight&quot;:0,&quot;autoplay&quot;:1,&quot;autoplayHoverPause&quot;:1,&quot;items&quot;:1,&quot;loop&quot;:true,&quot;stagePadding&quot;:0},&quot;601&quot;:{&quot;autoHeight&quot;:0,&quot;autoplay&quot;:1,&quot;autoplayHoverPause&quot;:1,&quot;items&quot;:&quot;1&quot;,&quot;loop&quot;:true,&quot;stagePadding&quot;:0},&quot;1025&quot;:{&quot;autoHeight&quot;:0,&quot;autoplay&quot;:1,&quot;autoplayHoverPause&quot;:1,&quot;items&quot;:&quot;1&quot;,&quot;loop&quot;:true,&quot;stagePadding&quot;:0},&quot;1381&quot;:{&quot;items&quot;:1,&quot;stagePadding&quot;:0}}}'><\/div>\r\n\t<\/div><\/div><\/div><\/div><\/div><\/div><\/section><section class=\"l-section wpb_row height_small\"><div class=\"l-section-h i-cf\"><div class=\"g-cols vc_row via_flex valign_top type_default stacking_default\"><div class=\"vc_col-sm-4 wpb_column vc_column_container\"><div class=\"vc_column-inner\"><div class=\"wpb_wrapper\"><div class=\"wpb_text_column\"><div class=\"wpb_wrapper\"><h4>K\u00d6NYV MEGRENDEL\u00c9SE<\/h4>\n<p>Jelen esetben a k\u00f6nyvekre el\u0151rendel\u00e9st tudunk felvenni.<br \/>\n500 darab megrendel\u00e9se ut\u00e1n tudjuk a k\u00f6nyveket legy\u00e1rtani \u00e9s kisz\u00e1ll\u00edtani \u00f6n\u00f6knek.<\/p>\n<\/div><\/div><\/div><\/div><\/div><div class=\"vc_col-sm-8 wpb_column vc_column_container\"><div class=\"vc_column-inner\"><div class=\"wpb_wrapper\"><form class=\"w-form  layout_ver for_cform us_form_1\" autocomplete=\"off\" action=\"https:\/\/munchkin-nook.com\/hu\/wp-json\/wp\/v2\/pages\/146\" method=\"post\"><div class=\"w-form-h\"><div class=\"w-form-row for_text has_label required cols_2\">\r\n\t\t\t<div class=\"w-form-row-label\">\r\n\t\t\t<span>N\u00e9v *<\/span>\r\n\t\t<\/div>\r\n\t\t<div class=\"w-form-row-field\">\r\n\t\t\t\t\t\t<input aria-label=\"N\u00e9v\" type=\"text\" name=\"us_form_1_text_1\" value placeholder=\"N\u00e9v\" data-required=\"true\" aria-required=\"true\"\/>\r\n\t\t\t<\/div>\r\n\t\t<div class=\"w-form-row-state\">Fill out this field<\/div>\r\n<\/div>\r\n<div class=\"w-form-row for_email has_label required cols_2\">\r\n\t\t\t<div class=\"w-form-row-label\">\r\n\t\t\t<span>E-mail *<\/span>\r\n\t\t<\/div>\r\n\t\t<div class=\"w-form-row-field\">\r\n\t\t\t\t\t\t<input aria-label=\"E-mail\" type=\"email\" name=\"us_form_1_email_1\" value placeholder=\"E-mail c\u00edm\" data-required=\"true\" aria-required=\"true\"\/>\r\n\t\t\t<\/div>\r\n\t\t<div class=\"w-form-row-state\">Adjunk meg egy val\u00f3s e-mail c\u00edmet.<\/div>\r\n<\/div>\r\n<div class=\"w-form-row for_text has_label cols_2\">\r\n\t\t\t<div class=\"w-form-row-label\">\r\n\t\t\t<span>Telefonsz\u00e1m<\/span>\r\n\t\t<\/div>\r\n\t\t<div class=\"w-form-row-field\">\r\n\t\t\t\t\t\t<input aria-label=\"Telefonsz\u00e1m\" inputmode=\"numeric\" type=\"text\" name=\"us_form_1_text_2\" value placeholder=\"Telefon\"\/>\r\n\t\t\t<\/div>\r\n\t\t<div class=\"w-form-row-state\">Fill out this field<\/div>\r\n<\/div>\r\n<div class=\"w-form-row for_select has_label cols_2\">\r\n\t\t\t<div class=\"w-form-row-label\">\r\n\t\t\t<span>C\u00e9lja<\/span>\r\n\t\t<\/div>\r\n\t\t<div class=\"w-form-row-field\">\r\n\t\t\t\t\t\t<select aria-label=\"C\u00e9lja\" name=\"us_form_1_select_1\">\r\n\t\t\t<option value=\"\u00d3voda \/ Iskola\">\u00d3voda \/ Iskola<\/option><option value=\"Sz\u00fcl\u0151\">Sz\u00fcl\u0151<\/option><option value=\"Aj\u00e1nd\u00e9k\">Aj\u00e1nd\u00e9k<\/option>\t\t<\/select>\r\n\t\t\t<\/div>\r\n\t\t<div class=\"w-form-row-state\">Select an option<\/div>\r\n<\/div>\r\n<div class=\"w-form-row for_textarea has_label required cols_2\">\r\n\t\t\t<div class=\"w-form-row-label\">\r\n\t\t\t<span>Hova sz\u00e1ll\u00edtsuk? *<\/span>\r\n\t\t<\/div>\r\n\t\t<div class=\"w-form-row-field\">\r\n\t\t\t\t\t\t<textarea aria-label=\"Hova sz\u00e1ll\u00edtsuk?\" name=\"us_form_1_textarea_1\" placeholder=\"Sz\u00e1ll\u00edt\u00e1si c\u00edm\" data-required=\"true\" aria-required=\"true\"><\/textarea>\r\n\t\t\t<\/div>\r\n\t\t<div class=\"w-form-row-state\">Fill out this field<\/div>\r\n<\/div>\r\n<div class=\"w-form-row for_textarea has_label cols_2\">\r\n\t\t\t<div class=\"w-form-row-label\">\r\n\t\t\t<span>Egy\u00e9b<\/span>\r\n\t\t<\/div>\r\n\t\t<div class=\"w-form-row-field\">\r\n\t\t\t\t\t\t<textarea aria-label=\"Egy\u00e9b\" name=\"us_form_1_textarea_2\" placeholder=\"Tov\u00e1bbi megjegyz\u00e9sek\"><\/textarea>\r\n\t\t\t<\/div>\r\n\t\t<div class=\"w-form-row-state\">Fill out this field<\/div>\r\n<\/div>\r\n<input type=\"hidden\" name=\"action\" value=\"us_ajax_cform\" \/>\r\n<input type=\"hidden\" name=\"post_id\" value=\"0\" \/>\r\n<input type=\"hidden\" name=\"form_index\" value=\"1\" \/>\r\n<div class=\"w-form-row for_submit align_none\">\r\n\t<button class=\"w-btn  us-btn-style_1\" aria-label=\"ELK\u00dcLD\u00d6M\" type=\"submit\">\r\n\t\t<span class=\"g-preloader type_1\"><\/span>\r\n\t\t\t\t<span class=\"w-btn-label\">ELK\u00dcLD\u00d6M<\/span>\r\n\t\t\t<\/button>\r\n\t<\/div>\r\n<\/div><div class=\"w-form-message\"><\/div><div class=\"w-form-json hidden\" onclick='return {&quot;ajaxurl&quot;:&quot;https:\\\/\\\/munchkin-nook.com\\\/wp-admin\\\/admin-ajax.php&quot;,&quot;messages&quot;:{&quot;err_empty&quot;:&quot;Fill out this field&quot;,&quot;err_size&quot;:&quot;File size cannot exceed %s MB&quot;,&quot;err_extension&quot;:&quot;%s file type is not allowed&quot;}}'><\/div><\/form><\/div><\/div><\/div><\/div><\/div><\/section>\n","protected":false},"excerpt":{"rendered":"","protected":false},"author":1,"featured_media":0,"parent":0,"menu_order":0,"comment_status":"closed","ping_status":"closed","template":"","meta":{"footnotes":""},"class_list":["post-146","page","type-page","status-publish","hentry"],"_links":{"self":[{"href":"https:\/\/munchkin-nook.com\/hu\/wp-json\/wp\/v2\/pages\/146","targetHints":{"allow":["GET"]}}],"collection":[{"href":"https:\/\/munchkin-nook.com\/hu\/wp-json\/wp\/v2\/pages"}],"about":[{"href":"https:\/\/munchkin-nook.com\/hu\/wp-json\/wp\/v2\/types\/page"}],"author":[{"embeddable":true,"href":"https:\/\/munchkin-nook.com\/hu\/wp-json\/wp\/v2\/users\/1"}],"replies":[{"embeddable":true,"href":"https:\/\/munchkin-nook.com\/hu\/wp-json\/wp\/v2\/comments?post=146"}],"version-history":[{"count":17,"href":"https:\/\/munchkin-nook.com\/hu\/wp-json\/wp\/v2\/pages\/146\/revisions"}],"predecessor-version":[{"id":366,"href":"https:\/\/munchkin-nook.com\/hu\/wp-json\/wp\/v2\/pages\/146\/revisions\/366"}],"wp:attachment":[{"href":"https:\/\/munchkin-nook.com\/hu\/wp-json\/wp\/v2\/media?parent=146"}],"curies":[{"name":"wp","href":"https:\/\/api.w.org\/{rel}","templated":true}]}}