{"id":148,"date":"2024-05-07T13:08:00","date_gmt":"2024-05-07T11:08:00","guid":{"rendered":"https:\/\/munchkin-nook.com\/?page_id=148"},"modified":"2024-07-10T12:48:05","modified_gmt":"2024-07-10T10:48:05","slug":"home","status":"publish","type":"page","link":"https:\/\/munchkin-nook.com\/hu\/","title":{"rendered":"Home"},"content":{"rendered":"<section class=\"l-section wpb_row height_small\"><div class=\"l-section-h i-cf\"><div class=\"g-cols vc_row via_flex valign_top type_default stacking_default\"><div class=\"vc_col-sm-6 wpb_column vc_column_container\"><div class=\"vc_column-inner\"><div class=\"wpb_wrapper\"><div class=\"w-image us_custom_ba870b58 us_animate_this align_none\"><a ref=\"magnificPopup\" href=\"https:\/\/munchkin-nook.com\/wp-content\/uploads\/2024\/05\/Cover-Hun-scaled.jpg\" aria-label=\"Cover-Hun\" class=\"w-image-h\"><img loading=\"lazy\" decoding=\"async\" width=\"1024\" height=\"1024\" src=\"https:\/\/munchkin-nook.com\/wp-content\/uploads\/2024\/05\/Cover-Hun-1024x1024.jpg\" class=\"attachment-large size-large\" alt=\"\" srcset=\"https:\/\/munchkin-nook.com\/wp-content\/uploads\/2024\/05\/Cover-Hun-1024x1024.jpg 1024w, https:\/\/munchkin-nook.com\/wp-content\/uploads\/2024\/05\/Cover-Hun-600x600.jpg 600w, https:\/\/munchkin-nook.com\/wp-content\/uploads\/2024\/05\/Cover-Hun-300x300.jpg 300w\" sizes=\"auto, (max-width: 1024px) 100vw, 1024px\" \/><\/a><\/div><\/div><\/div><\/div><div class=\"vc_col-sm-6 wpb_column vc_column_container\"><div class=\"vc_column-inner\"><div class=\"wpb_wrapper\"><div class=\"wpb_text_column\"><div class=\"wpb_wrapper\"><h3 class=\"entry-title\">MI AZ A MAN\u00d3-ZUG MES\u00c9I<\/h3>\n<p>A t\u00f6rt\u00e9net 2017-ben Zugliget egyik \u00f3vod\u00e1j\u00e1ban sz\u00fcletett, a gyerekek fej\u00e9ben. Az \u00f3v\u00f3n\u0151k le\u00edrt\u00e1k a t\u00f6rt\u00e9neteket \u00e9s egyengett\u00e9k Pukli man\u00f3 \u00fatj\u00e1t a mes\u00e9ben, egy apuka pedig illusztr\u00e1ci\u00f3kat rajzolt hozz\u00e1.<\/p>\n<p>Az olvas\u00f3k visszajelz\u00e9sei ut\u00e1n nyilv\u00e1nval\u00f3v\u00e1 v\u00e1lt, hogy a gyerekek\u00a0 im\u00e1dj\u00e1k azokat a t\u00f6rt\u00e9neteket, amelyeket nem feln\u0151ttek, hanem gyerekek \u00edrtak!<\/p>\n<p><strong>2023-ban a ZEBRALUTION GmbH, az egyik vezet\u0151 zenei \u00e9s hangosk\u00f6nyv kiad\u00f3 a vil\u00e1gon, <\/strong><strong>fant\u00e1zi\u00e1t l\u00e1tott a mesek\u00f6nyvben, \u00edgy 2024.J\u00daNIUS 24-\u00c9N megjelenik hangosk\u00f6nyv form\u00e1ban is<\/strong><br \/>\n<strong>a vil\u00e1g 22 orsz\u00e1g\u00e1ban angol \u00e9s magyar nyelven!<\/strong><\/p>\n<p>A 2024-es hangosk\u00f6nyv kiad\u00e1shoz extra kieg\u00e9sz\u00edt\u0151k is k\u00e9sz\u00fcltek:<br \/>\n&#8211; Man\u00f3 indul\u00f3 (k\u00f3rus)<br \/>\n&#8211; Man\u00f3 altat\u00f3 (dal)<br \/>\n&#8211; Ingyenesen let\u00f6lthet\u0151 feladatlapok<br \/>\n&#8211; Ingyenes j\u00e1t\u00e9kok<br \/>\n&#8211; Let\u00f6lthet\u0151 Pdf form\u00e1tumban a k\u00f6nyvek magyar \u00e9s angol nyelven<\/p>\n<\/div><\/div><\/div><\/div><\/div><\/div><\/div><\/section><section class=\"l-section wpb_row height_small\"><div class=\"l-section-h i-cf\"><div class=\"g-cols vc_row via_flex valign_top type_default stacking_default\"><div class=\"vc_col-sm-12 wpb_column vc_column_container\"><div class=\"vc_column-inner\"><div class=\"wpb_wrapper\"><div class=\"wpb_text_column\"><div class=\"wpb_wrapper\"><h4>A HOSSZABB T\u00c1V\u00da KONCEPCI\u00d3<\/h4>\n<p>Minden sz\u00fcl\u0151n\u00e9l probl\u00e9ma elmagyar\u00e1zni a gyerek(ek)nek, hogy mi\u00e9rt fontos a v\u00edz, az \u00e9lelem, a szelekt\u00e1lt szem\u00e9tgy\u0171jt\u00e9s, etc.<\/p>\n<p>Az elk\u00e9pzel\u00e9s, hogy olyan ter\u00fcletein a vil\u00e1gnak, ahol nincs v\u00edz, kev\u00e9s az \u00e9lelem, halomban \u00e1ll a szem\u00e9t, olyan mikrok\u00f6z\u00f6ss\u00e9geket keres\u00fcnk, ahol gyerekek alkotnak \u00e9s \u0151k hoznak l\u00e9tre mes\u00e9ket ezekr\u0151l a t\u00e9m\u00e1kr\u00f3l tan\u00e1rok, nevel\u0151k seg\u00edts\u00e9g\u00e9vel, hiszen ezek a probl\u00e9m\u00e1k sz\u00e1mukra a val\u00f3s\u00e1g t\u00fckr\u00e9t jelentik. A mindennapok abb\u00f3l a l\u00e1t\u00f3sz\u00f6gb\u0151l t\u00fckr\u00f6z\u0151dn\u00e9nek benn\u00fck, ahogy egy n\u00e9gy-hat\u00e9ves l\u00e1tja az \u0151t k\u00f6r\u00fclvev\u0151 bonyolult, sz\u00e1m\u00e1ra csak egyszer\u0171s\u00edtve \u00e1ttekinthet\u0151 val\u00f3s\u00e1gdarabokat.<\/p>\n<p>Ehhez szeretn\u00e9nk a k\u00e9s\u0151bbiekben forr\u00e1st biztos\u00edtani sz\u00e1mukra, hogy az \u0151\u00a0 t\u00f6rt\u00e9neteik megjelenhessenek, ak\u00e1r hangosk\u00f6nyv vagy nyomtatott k\u00f6nyv form\u00e1tumban,\u00a0 \u00edgy biztos\u00edtva t\u00e1mogat\u00e1st r\u00e9sz\u00fckre \u00e9s pr\u00f3b\u00e1lunk seg\u00edteni &#8211; apr\u00f3 l\u00e9p\u00e9sekkel &#8211; a k\u00f6vetkez\u0151 gener\u00e1ci\u00f3 szeml\u00e9letv\u00e1lt\u00e1s\u00e1ban.<\/p>\n<\/div><\/div><div class=\"wpb_text_column\"><div class=\"wpb_wrapper\"><h2 style=\"text-align: center;\">Vide\u00f3k<\/h2>\n<\/div><\/div><div class=\"w-separator size_medium\"><\/div><div class=\"g-cols wpb_row via_flex valign_top type_default stacking_default\"><div class=\"vc_col-sm-6 wpb_column vc_column_container\"><div class=\"vc_column-inner\"><div class=\"wpb_wrapper\"><div class=\"w-video align_none ratio_16x9\"><div class=\"w-video-h\"><iframe loading=\"lazy\" title=\"Man\u00f3 altat\u00f3 (Man\u00f3-zug mes\u00e9i)\" width=\"480\" height=\"360\" src=\"https:\/\/www.youtube.com\/embed\/PW2JQUQl_Ro?feature=oembed\" frameborder=\"0\" allow=\"accelerometer; autoplay; clipboard-write; encrypted-media; gyroscope; picture-in-picture; web-share\" referrerpolicy=\"strict-origin-when-cross-origin\" allowfullscreen><\/iframe><\/div><div class=\"w-video-icon\" style=\"font-size:1.5rem;background:rgba(0,0,0,0.5);color:#fff\"><\/div><\/div><\/div><\/div><\/div><div class=\"vc_col-sm-6 wpb_column vc_column_container\"><div class=\"vc_column-inner\"><div class=\"wpb_wrapper\"><div class=\"w-video align_none ratio_16x9 has_iframe\"><div class=\"w-video-h\"><iframe title=\"Youtube video player\" src=\"\/\/www.youtube.com\/embed\/qYfnRUlvz7U?autoplay=0&controls=1&origin=https:\/\/munchkin-nook.com\/hu\/&loop=0&mute=0\" allowfullscreen=\"1\" loading=\"lazy\"><\/iframe><\/div><div class=\"w-video-icon\" style=\"font-size:1.5rem;background:rgba(0,0,0,0.5);color:#fff\"><\/div><\/div><\/div><\/div><\/div><\/div><\/div><\/div><\/div><\/div><\/div><\/section><section class=\"l-section wpb_row us_custom_1b52fd42 height_small\"><div class=\"l-section-h i-cf\"><div class=\"g-cols vc_row via_flex valign_top type_default stacking_default\"><div class=\"vc_col-sm-12 wpb_column vc_column_container has-link\"><div class=\"vc_column-inner\"><div class=\"wpb_wrapper\"><div class=\"wpb_text_column us_custom_6df4bc3a has_text_color\"><div class=\"wpb_wrapper\"><h2 style=\"text-align: center;\">Hol lehet let\u00f6lteni?<br \/>\nAz \u00f6sszes platform a let\u00f6lt\u00e9sekhez<br \/>\n3,99 <span><b>\u20ac<\/b> <\/span><\/h2>\n<\/div><\/div><div class=\"w-separator size_medium\"><\/div><\/div><\/div><a href=\"https:\/\/munchkinnooks.lnk.to\/AudiobookENWE\" class=\"vc_column-link smooth-scroll\" aria-label=\"Link\"><\/a><\/div><\/div><\/div><\/section><section class=\"l-section wpb_row us_custom_4fb9e5a3 height_small\"><div class=\"l-section-h i-cf\"><div class=\"g-cols vc_row via_flex valign_top type_default stacking_default\"><div class=\"vc_col-sm-12 wpb_column vc_column_container\"><div class=\"vc_column-inner\"><div class=\"wpb_wrapper\"><div class=\"w-separator size_medium\"><\/div><div class=\"g-cols wpb_row via_flex valign_top type_default stacking_default\"><div class=\"vc_col-sm-3 wpb_column vc_column_container\"><div class=\"vc_column-inner\"><div class=\"wpb_wrapper\"><div class=\"w-image align_none\"><a href=\"https:\/\/munchkinnooks.lnk.to\/AudiobookENWE\" aria-label=\"spotify\" class=\"w-image-h\"><img loading=\"lazy\" decoding=\"async\" width=\"300\" height=\"200\" src=\"https:\/\/munchkin-nook.com\/wp-content\/uploads\/2024\/05\/spotify.jpg\" class=\"attachment-full size-full\" alt=\"\" \/><\/a><\/div><\/div><\/div><\/div><div class=\"vc_col-sm-3 wpb_column vc_column_container\"><div class=\"vc_column-inner\"><div class=\"wpb_wrapper\"><div class=\"w-image align_none\"><a href=\"https:\/\/munchkinnooks.lnk.to\/AudiobookENWE\" aria-label=\"apple-books-logo\" class=\"w-image-h\"><img loading=\"lazy\" decoding=\"async\" width=\"300\" height=\"200\" src=\"https:\/\/munchkin-nook.com\/wp-content\/uploads\/2024\/05\/apple-books-logo.jpg\" class=\"attachment-full size-full\" alt=\"\" \/><\/a><\/div><\/div><\/div><\/div><div class=\"vc_col-sm-3 wpb_column vc_column_container\"><div class=\"vc_column-inner\"><div class=\"wpb_wrapper\"><div class=\"w-image align_none\"><a href=\"https:\/\/munchkinnooks.lnk.to\/AudiobookENWE\" aria-label=\"google-books-logo\" class=\"w-image-h\"><img loading=\"lazy\" decoding=\"async\" width=\"300\" height=\"200\" src=\"https:\/\/munchkin-nook.com\/wp-content\/uploads\/2024\/05\/google-books-logo.jpg\" class=\"attachment-full size-full\" alt=\"\" \/><\/a><\/div><\/div><\/div><\/div><div class=\"vc_col-sm-3 wpb_column vc_column_container\"><div class=\"vc_column-inner\"><div class=\"wpb_wrapper\"><div class=\"w-image align_none\"><a href=\"https:\/\/munchkinnooks.lnk.to\/AudiobookENWE\" aria-label=\"audioboookstore\" class=\"w-image-h\"><img loading=\"lazy\" decoding=\"async\" width=\"300\" height=\"200\" src=\"https:\/\/munchkin-nook.com\/wp-content\/uploads\/2024\/05\/audioboookstore.jpg\" class=\"attachment-full size-full\" alt=\"\" \/><\/a><\/div><\/div><\/div><\/div><\/div><\/div><\/div><\/div><\/div><\/div><\/section><section class=\"l-section wpb_row height_small\"><div class=\"l-section-h i-cf\"><div class=\"g-cols vc_row via_flex valign_top type_default stacking_default\"><div class=\"vc_col-sm-4 wpb_column vc_column_container\"><div class=\"vc_column-inner\"><div class=\"wpb_wrapper\"><div class=\"w-image us_custom_ba870b58 us_animate_this align_none\"><div class=\"w-image-h\"><img loading=\"lazy\" decoding=\"async\" width=\"600\" height=\"600\" src=\"https:\/\/munchkin-nook.com\/wp-content\/uploads\/2024\/06\/Cover-Hun-600x600.jpg\" class=\"attachment-medium size-medium\" alt=\"\" srcset=\"https:\/\/munchkin-nook.com\/wp-content\/uploads\/2024\/06\/Cover-Hun-600x600.jpg 600w, https:\/\/munchkin-nook.com\/wp-content\/uploads\/2024\/06\/Cover-Hun-1024x1024.jpg 1024w, https:\/\/munchkin-nook.com\/wp-content\/uploads\/2024\/06\/Cover-Hun-300x300.jpg 300w\" sizes=\"auto, (max-width: 600px) 100vw, 600px\" \/><\/div><\/div><\/div><\/div><\/div><div class=\"vc_col-sm-8 wpb_column vc_column_container\"><div class=\"vc_column-inner\"><div class=\"wpb_wrapper\"><div class=\"wpb_text_column\"><div class=\"wpb_wrapper\"><p><span>Amennyiben meg szeretn\u00e9 rendelni a k\u00f6nyvet, k\u00e9rj\u00fck adja meg az adatait, hogy el tudjuk \u00d6nnek k\u00fcldeni a k\u00f6nyvet!<br \/>\n<\/span><\/p>\n<\/div><\/div><div class=\"w-separator size_small\"><\/div><div class=\"w-btn-wrapper align_none\"><a class=\"w-btn us-btn-style_1\" href=\"https:\/\/munchkin-nook.com\/hu\/konyv-rendeles\/\"><span class=\"w-btn-label\">MEGRENDELEM A K\u00d6NYVET<\/span><\/a><\/div><\/div><\/div><\/div><\/div><\/div><\/section>\n","protected":false},"excerpt":{"rendered":"MI AZ A MAN\u00d3-ZUG MES\u00c9I A t\u00f6rt\u00e9net 2017-ben Zugliget egyik \u00f3vod\u00e1j\u00e1ban sz\u00fcletett, a gyerekek fej\u00e9ben. Az \u00f3v\u00f3n\u0151k le\u00edrt\u00e1k a t\u00f6rt\u00e9neteket \u00e9s egyengett\u00e9k Pukli man\u00f3 \u00fatj\u00e1t a mes\u00e9ben, egy apuka pedig illusztr\u00e1ci\u00f3kat rajzolt hozz\u00e1. Az olvas\u00f3k visszajelz\u00e9sei ut\u00e1n nyilv\u00e1nval\u00f3v\u00e1 v\u00e1lt, hogy a gyerekek\u00a0 im\u00e1dj\u00e1k azokat a t\u00f6rt\u00e9neteket, amelyeket nem feln\u0151ttek, hanem gyerekek \u00edrtak! 2023-ban a ZEBRALUTION...","protected":false},"author":1,"featured_media":0,"parent":0,"menu_order":0,"comment_status":"closed","ping_status":"closed","template":"","meta":{"footnotes":""},"class_list":["post-148","page","type-page","status-publish","hentry"],"_links":{"self":[{"href":"https:\/\/munchkin-nook.com\/hu\/wp-json\/wp\/v2\/pages\/148","targetHints":{"allow":["GET"]}}],"collection":[{"href":"https:\/\/munchkin-nook.com\/hu\/wp-json\/wp\/v2\/pages"}],"about":[{"href":"https:\/\/munchkin-nook.com\/hu\/wp-json\/wp\/v2\/types\/page"}],"author":[{"embeddable":true,"href":"https:\/\/munchkin-nook.com\/hu\/wp-json\/wp\/v2\/users\/1"}],"replies":[{"embeddable":true,"href":"https:\/\/munchkin-nook.com\/hu\/wp-json\/wp\/v2\/comments?post=148"}],"version-history":[{"count":36,"href":"https:\/\/munchkin-nook.com\/hu\/wp-json\/wp\/v2\/pages\/148\/revisions"}],"predecessor-version":[{"id":461,"href":"https:\/\/munchkin-nook.com\/hu\/wp-json\/wp\/v2\/pages\/148\/revisions\/461"}],"wp:attachment":[{"href":"https:\/\/munchkin-nook.com\/hu\/wp-json\/wp\/v2\/media?parent=148"}],"curies":[{"name":"wp","href":"https:\/\/api.w.org\/{rel}","templated":true}]}}