{"id":149,"date":"2024-05-09T12:07:46","date_gmt":"2024-05-09T10:07:46","guid":{"rendered":"https:\/\/munchkin-nook.com\/?page_id=149"},"modified":"2024-05-30T12:26:09","modified_gmt":"2024-05-30T10:26:09","slug":"kapcsolat","status":"publish","type":"page","link":"https:\/\/munchkin-nook.com\/hu\/kapcsolat\/","title":{"rendered":"Kapcsolat"},"content":{"rendered":"<section class=\"l-section wpb_row height_small\"><div class=\"l-section-h i-cf\"><div class=\"g-cols vc_row via_flex valign_top type_default stacking_default\"><div class=\"vc_col-sm-12 wpb_column vc_column_container\"><div class=\"vc_column-inner\"><div class=\"wpb_wrapper\"><div class=\"wpb_text_column\"><div class=\"wpb_wrapper\"><h1>Kapcsolat<\/h1>\n<\/div><\/div><\/div><\/div><\/div><\/div><\/div><\/section><section class=\"l-section wpb_row height_small\"><div class=\"l-section-h i-cf\"><div class=\"g-cols vc_row via_flex valign_top type_default stacking_default\"><div class=\"vc_col-sm-6 wpb_column vc_column_container\"><div class=\"vc_column-inner\"><div class=\"wpb_wrapper\"><div class=\"wpb_text_column\"><div class=\"wpb_wrapper\"><p><span>Amennyiben b\u00e1rmilyen k\u00e9rd\u00e9se vagy \u00e9szrev\u00e9tele lenne a k\u00f6nyvvel vagy a hangos k\u00f6nyvvel kapcsolatban, k\u00e9rj\u00fck vegye fel vel\u00fcnk a kapcsolatot.<br \/>\n<\/span><\/p>\n<p><span>Kiad\u00f3: Bookers Kft.<\/span><br \/>\n<span>1137 Budapest, J\u00e1szai Mari t\u00e9r 5-6.<\/span><\/p>\n<p>Marketing &amp; kommunik\u00e1ci\u00f3: <a href=\"mailto:marketing@munchkin-nook.com\">marketing@munchkin-nook.com<\/a><\/p>\n<p>Oktat\u00f3anyagok: <a href=\"mailto:classroom@munchkin-nook.com\">classroom@munchkin-nook.com<\/a><\/p>\n<\/div><\/div><\/div><\/div><\/div><div class=\"vc_col-sm-6 wpb_column vc_column_container\"><div class=\"vc_column-inner\"><div class=\"wpb_wrapper\"><form class=\"w-form  layout_ver for_cform us_form_1\" autocomplete=\"off\" action=\"https:\/\/munchkin-nook.com\/hu\/wp-json\/wp\/v2\/pages\/149\" method=\"post\"><div class=\"w-form-h\"><div class=\"w-form-row for_text required\">\r\n\t\t<div class=\"w-form-row-field\">\r\n\t\t\t\t\t\t<input aria-label=\"N\u00e9v\" type=\"text\" name=\"us_form_1_text_1\" value placeholder=\"N\u00e9v *\" data-required=\"true\" aria-required=\"true\"\/>\r\n\t\t\t<\/div>\r\n\t\t<div class=\"w-form-row-state\">Fill out this field<\/div>\r\n<\/div>\r\n<div class=\"w-form-row for_email required\">\r\n\t\t<div class=\"w-form-row-field\">\r\n\t\t\t\t\t\t<input aria-label=\"E-mail c\u00edm\" type=\"email\" name=\"us_form_1_email_1\" value placeholder=\"E-mail c\u00edm *\" data-required=\"true\" aria-required=\"true\"\/>\r\n\t\t\t<\/div>\r\n\t\t<div class=\"w-form-row-state\">Adjunk meg egy val\u00f3s e-mail c\u00edmet.<\/div>\r\n<\/div>\r\n<div class=\"w-form-row for_text\">\r\n\t\t<div class=\"w-form-row-field\">\r\n\t\t\t\t\t\t<input aria-label=\"Telefonsz\u00e1m\" inputmode=\"numeric\" type=\"text\" name=\"us_form_1_text_2\" value placeholder=\"Telefonsz\u00e1m\"\/>\r\n\t\t\t<\/div>\r\n\t\t<div class=\"w-form-row-state\">Fill out this field<\/div>\r\n<\/div>\r\n<div class=\"w-form-row for_textarea required\">\r\n\t\t<div class=\"w-form-row-field\">\r\n\t\t\t\t\t\t<textarea aria-label=\"K\u00e9rd\u00e9sek\" name=\"us_form_1_textarea_1\" placeholder=\"K\u00e9rd\u00e9sek *\" data-required=\"true\" aria-required=\"true\"><\/textarea>\r\n\t\t\t<\/div>\r\n\t\t<div class=\"w-form-row-state\">Fill out this field<\/div>\r\n<\/div>\r\n<input type=\"hidden\" name=\"action\" value=\"us_ajax_cform\" \/>\r\n<input type=\"hidden\" name=\"post_id\" value=\"0\" \/>\r\n<input type=\"hidden\" name=\"form_index\" value=\"1\" \/>\r\n<div class=\"w-form-row for_submit align_none\">\r\n\t<button class=\"w-btn  us-btn-style_1\" aria-label=\"K\u00dcLD\u00c9S\" type=\"submit\">\r\n\t\t<span class=\"g-preloader type_1\"><\/span>\r\n\t\t\t\t<span class=\"w-btn-label\">K\u00dcLD\u00c9S<\/span>\r\n\t\t\t<\/button>\r\n\t<\/div>\r\n<\/div><div class=\"w-form-message\"><\/div><div class=\"w-form-json hidden\" onclick='return {&quot;ajaxurl&quot;:&quot;https:\\\/\\\/munchkin-nook.com\\\/wp-admin\\\/admin-ajax.php&quot;,&quot;messages&quot;:{&quot;err_empty&quot;:&quot;Fill out this field&quot;,&quot;err_size&quot;:&quot;File size cannot exceed %s MB&quot;,&quot;err_extension&quot;:&quot;%s file type is not allowed&quot;}}'><\/div><\/form><\/div><\/div><\/div><\/div><\/div><\/section>\n","protected":false},"excerpt":{"rendered":"Kapcsolat Amennyiben b\u00e1rmilyen k\u00e9rd\u00e9se vagy \u00e9szrev\u00e9tele lenne a k\u00f6nyvvel vagy a hangos k\u00f6nyvvel kapcsolatban, k\u00e9rj\u00fck vegye fel vel\u00fcnk a kapcsolatot. Kiad\u00f3: Bookers Kft. 1137 Budapest, J\u00e1szai Mari t\u00e9r 5-6. Marketing &amp; kommunik\u00e1ci\u00f3: marketing@munchkin-nook.com Oktat\u00f3anyagok: classroom@munchkin-nook.com Fill out this field Adjunk meg egy val\u00f3s e-mail c\u00edmet. Fill out this field Fill out this field K\u00dcLD\u00c9S","protected":false},"author":1,"featured_media":0,"parent":0,"menu_order":0,"comment_status":"closed","ping_status":"closed","template":"","meta":{"footnotes":""},"class_list":["post-149","page","type-page","status-publish","hentry"],"_links":{"self":[{"href":"https:\/\/munchkin-nook.com\/hu\/wp-json\/wp\/v2\/pages\/149","targetHints":{"allow":["GET"]}}],"collection":[{"href":"https:\/\/munchkin-nook.com\/hu\/wp-json\/wp\/v2\/pages"}],"about":[{"href":"https:\/\/munchkin-nook.com\/hu\/wp-json\/wp\/v2\/types\/page"}],"author":[{"embeddable":true,"href":"https:\/\/munchkin-nook.com\/hu\/wp-json\/wp\/v2\/users\/1"}],"replies":[{"embeddable":true,"href":"https:\/\/munchkin-nook.com\/hu\/wp-json\/wp\/v2\/comments?post=149"}],"version-history":[{"count":4,"href":"https:\/\/munchkin-nook.com\/hu\/wp-json\/wp\/v2\/pages\/149\/revisions"}],"predecessor-version":[{"id":233,"href":"https:\/\/munchkin-nook.com\/hu\/wp-json\/wp\/v2\/pages\/149\/revisions\/233"}],"wp:attachment":[{"href":"https:\/\/munchkin-nook.com\/hu\/wp-json\/wp\/v2\/media?parent=149"}],"curies":[{"name":"wp","href":"https:\/\/api.w.org\/{rel}","templated":true}]}}