{"id":150,"date":"2024-05-09T13:35:22","date_gmt":"2024-05-09T11:35:22","guid":{"rendered":"https:\/\/munchkin-nook.com\/?page_id=150"},"modified":"2024-06-04T09:13:16","modified_gmt":"2024-06-04T07:13:16","slug":"classroom","status":"publish","type":"page","link":"https:\/\/munchkin-nook.com\/hu\/classroom\/","title":{"rendered":"Classroom"},"content":{"rendered":"<section class=\"l-section wpb_row height_small\"><div class=\"l-section-h i-cf\"><div class=\"g-cols vc_row via_flex valign_top type_default stacking_default\"><div class=\"vc_col-sm-12 wpb_column vc_column_container\"><div class=\"vc_column-inner\"><div class=\"wpb_wrapper\"><div class=\"wpb_text_column\"><div class=\"wpb_wrapper\"><h1 style=\"text-align: center;\">Tanterem<\/h1>\n<\/div><\/div><\/div><\/div><\/div><\/div><\/div><\/section><section class=\"l-section wpb_row height_small\"><div class=\"l-section-h i-cf\"><div class=\"g-cols vc_row via_flex valign_top type_default stacking_default\"><div class=\"vc_col-sm-4 wpb_column vc_column_container\"><div class=\"vc_column-inner\"><div class=\"wpb_wrapper\"><div class=\"wpb_text_column\"><div class=\"wpb_wrapper\"><h2>4-5 \u00e9veseknek<\/h2>\n<\/div><\/div><\/div><\/div><\/div><div class=\"vc_col-sm-8 wpb_column vc_column_container\"><div class=\"vc_column-inner\"><div class=\"wpb_wrapper\"><div class=\"g-cols wpb_row via_flex valign_top type_default stacking_default\"><div class=\"vc_col-sm-4 wpb_column vc_column_container has-link\"><div class=\"vc_column-inner\"><div class=\"wpb_wrapper\"><div class=\"wpb_text_column\"><div class=\"wpb_wrapper\"><h5 style=\"text-align: center;\">V\u00e1gj \u00e9s ragassz<br \/>\nEszk\u00f6z\u00f6k<\/h5>\n<\/div><\/div><\/div><\/div><a href=\"https:\/\/munchkin-nook.com\/wp-content\/uploads\/2024\/05\/Vagd-ki-Ragaszd-Mano-eszkozok.pdf\" class=\"vc_column-link smooth-scroll\" aria-label=\"Link\"><\/a><\/div><div class=\"vc_col-sm-4 wpb_column vc_column_container has-link\"><div class=\"vc_column-inner\"><div class=\"wpb_wrapper\"><div class=\"wpb_text_column\"><div class=\"wpb_wrapper\"><h5 style=\"text-align: center;\">Man\u00f3 Labirintus<\/h5>\n<\/div><\/div><\/div><\/div><a href=\"https:\/\/munchkin-nook.com\/wp-content\/uploads\/2024\/05\/Mano-Labirintus.pdf\" class=\"vc_column-link smooth-scroll\" aria-label=\"Link\"><\/a><\/div><div class=\"vc_col-sm-4 wpb_column vc_column_container has-link\"><div class=\"vc_column-inner\"><div class=\"wpb_wrapper\"><div class=\"wpb_text_column\"><div class=\"wpb_wrapper\"><h5 style=\"text-align: center;\">Rajzolj<br \/>\nPukli \u00faj h\u00e1za<\/h5>\n<\/div><\/div><\/div><\/div><a href=\"https:\/\/munchkin-nook.com\/wp-content\/uploads\/2024\/05\/Olvasd-el-Rajzolj-Pukli-Mano-uj-haza-1.pdf\" class=\"vc_column-link smooth-scroll\" aria-label=\"Link\"><\/a><\/div><\/div><div class=\"g-cols wpb_row via_flex valign_top type_default stacking_default\"><div class=\"vc_col-sm-4 wpb_column vc_column_container has-link\"><div class=\"vc_column-inner\"><div class=\"wpb_wrapper\"><div class=\"w-image style_shadow-1 align_left\"><a target=\"_blank\" href=\"https:\/\/munchkin-nook.com\/wp-content\/uploads\/2024\/05\/jatekok-egyutt-katanak-teszt.pdf\" aria-label=\"elso-nyitokep\" class=\"w-image-h\"><img loading=\"lazy\" decoding=\"async\" width=\"1355\" height=\"1870\" src=\"https:\/\/munchkin-nook.com\/wp-content\/uploads\/2024\/05\/elso-nyitokep.jpg\" class=\"attachment-full size-full\" alt=\"\" srcset=\"https:\/\/munchkin-nook.com\/wp-content\/uploads\/2024\/05\/elso-nyitokep.jpg 1355w, https:\/\/munchkin-nook.com\/wp-content\/uploads\/2024\/05\/elso-nyitokep-435x600.jpg 435w, https:\/\/munchkin-nook.com\/wp-content\/uploads\/2024\/05\/elso-nyitokep-742x1024.jpg 742w, https:\/\/munchkin-nook.com\/wp-content\/uploads\/2024\/05\/elso-nyitokep-217x300.jpg 217w\" sizes=\"auto, (max-width: 1355px) 100vw, 1355px\" \/><\/a><\/div><\/div><\/div><a href=\"https:\/\/munchkin-nook.com\/wp-content\/uploads\/2024\/05\/Vagd-ki-Ragaszd-Mano-eszkozok.pdf\" class=\"vc_column-link smooth-scroll\" aria-label=\"Link\"><\/a><\/div><div class=\"vc_col-sm-4 wpb_column vc_column_container has-link\"><div class=\"vc_column-inner\"><div class=\"wpb_wrapper\"><div class=\"w-image style_shadow-1 align_left\"><a target=\"_blank\" href=\"https:\/\/munchkin-nook.com\/wp-content\/uploads\/2024\/05\/jatekok-egyutt-katanak-teszt.pdf\" aria-label=\"Man\u00f3 Labirintus\" class=\"w-image-h\"><img loading=\"lazy\" decoding=\"async\" width=\"1058\" height=\"1497\" src=\"https:\/\/munchkin-nook.com\/wp-content\/uploads\/2024\/05\/Mano-Labirintus-1-pdf.jpg\" class=\"attachment-full size-full\" alt=\"\" \/><\/a><\/div><\/div><\/div><a href=\"https:\/\/munchkin-nook.com\/wp-content\/uploads\/2024\/05\/Mano-Labirintus.pdf\" class=\"vc_column-link smooth-scroll\" aria-label=\"Link\"><\/a><\/div><div class=\"vc_col-sm-4 wpb_column vc_column_container has-link\"><div class=\"vc_column-inner\"><div class=\"wpb_wrapper\"><div class=\"w-image style_shadow-1 align_left\"><a target=\"_blank\" href=\"https:\/\/munchkin-nook.com\/wp-content\/uploads\/2024\/05\/jatekok-egyutt-katanak-teszt.pdf\" aria-label=\"Olvasd el &amp; Rajzolj-Pukli Man\u00f3 \u00faj h\u00e1za\" class=\"w-image-h\"><img loading=\"lazy\" decoding=\"async\" width=\"1058\" height=\"1497\" src=\"https:\/\/munchkin-nook.com\/wp-content\/uploads\/2024\/05\/Olvasd-el-Rajzolj-Pukli-Mano-uj-haza-1-pdf.jpg\" class=\"attachment-full size-full\" alt=\"\" \/><\/a><\/div><\/div><\/div><a href=\"https:\/\/munchkin-nook.com\/wp-content\/uploads\/2024\/05\/Olvasd-el-Rajzolj-Pukli-Mano-uj-haza-1.pdf\" class=\"vc_column-link smooth-scroll\" aria-label=\"Link\"><\/a><\/div><\/div><div class=\"g-cols wpb_row via_flex valign_top type_default stacking_default\"><div class=\"vc_col-sm-4 wpb_column vc_column_container has-link\"><div class=\"vc_column-inner\"><div class=\"wpb_wrapper\"><div class=\"wpb_text_column\"><div class=\"wpb_wrapper\"><h5 style=\"text-align: center;\">Sz\u00ednez\u0151<br \/>\nBark\u00e1cs man\u00f3<\/h5>\n<\/div><\/div><\/div><\/div><a href=\"https:\/\/munchkin-nook.com\/wp-content\/uploads\/2024\/05\/Olvasd-el.-Igaz-vagy-hamis_.pdf\" class=\"vc_column-link smooth-scroll\" aria-label=\"Link\"><\/a><\/div><div class=\"vc_col-sm-4 wpb_column vc_column_container has-link\"><div class=\"vc_column-inner\"><div class=\"wpb_wrapper\"><div class=\"wpb_text_column\"><div class=\"wpb_wrapper\"><h5 style=\"text-align: center;\">Sz\u00ednez\u0151<br \/>\nPukli man\u00f3<\/h5>\n<\/div><\/div><\/div><\/div><a href=\"https:\/\/munchkin-nook.com\/wp-content\/uploads\/2024\/05\/Szinezo-Barkacsmano.pdf\" class=\"vc_column-link smooth-scroll\" aria-label=\"Link\"><\/a><\/div><div class=\"vc_col-sm-4 wpb_column vc_column_container has-link\"><div class=\"vc_column-inner\"><div class=\"wpb_wrapper\"><div class=\"wpb_text_column\"><div class=\"wpb_wrapper\"><h5 style=\"text-align: center;\">Felh\u0151 t\u00f6rt\u00e9netek<\/h5>\n<\/div><\/div><\/div><\/div><a href=\"https:\/\/munchkin-nook.com\/wp-content\/uploads\/2024\/05\/Olvasd-el-Rajzolj-Pukli-Mano-uj-haza-1.pdf\" class=\"vc_column-link smooth-scroll\" aria-label=\"Link\"><\/a><\/div><\/div><div class=\"g-cols wpb_row via_flex valign_top type_default stacking_default\"><div class=\"vc_col-sm-4 wpb_column vc_column_container has-link\"><div class=\"vc_column-inner\"><div class=\"wpb_wrapper\"><div class=\"w-image style_shadow-1 align_left\"><a target=\"_blank\" href=\"https:\/\/munchkin-nook.com\/wp-content\/uploads\/2024\/05\/jatekok-egyutt-katanak-teszt.pdf\" aria-label=\"Sz\u00ednez\u00f6 - Bark\u00e1csman\u00f3\" class=\"w-image-h\"><img loading=\"lazy\" decoding=\"async\" width=\"1058\" height=\"1497\" src=\"https:\/\/munchkin-nook.com\/wp-content\/uploads\/2024\/05\/Szinezo-Barkacsmano-pdf.jpg\" class=\"attachment-full size-full\" alt=\"\" \/><\/a><\/div><\/div><\/div><a href=\"https:\/\/munchkin-nook.com\/wp-content\/uploads\/2024\/05\/Olvasd-el.-Igaz-vagy-hamis_.pdf\" class=\"vc_column-link smooth-scroll\" aria-label=\"Link\"><\/a><\/div><div class=\"vc_col-sm-4 wpb_column vc_column_container has-link\"><div class=\"vc_column-inner\"><div class=\"wpb_wrapper\"><div class=\"w-image style_shadow-1 align_left\"><a target=\"_blank\" href=\"https:\/\/munchkin-nook.com\/wp-content\/uploads\/2024\/05\/jatekok-egyutt-katanak-teszt.pdf\" aria-label=\"Sz\u00ednez\u00f6 - Pukli man\u00f3\" class=\"w-image-h\"><img loading=\"lazy\" decoding=\"async\" width=\"1058\" height=\"1497\" src=\"https:\/\/munchkin-nook.com\/wp-content\/uploads\/2024\/05\/Szinezo-Pukli-mano-pdf.jpg\" class=\"attachment-full size-full\" alt=\"\" \/><\/a><\/div><\/div><\/div><a href=\"https:\/\/munchkin-nook.com\/wp-content\/uploads\/2024\/05\/Szinezo-Barkacsmano.pdf\" class=\"vc_column-link smooth-scroll\" aria-label=\"Link\"><\/a><\/div><div class=\"vc_col-sm-4 wpb_column vc_column_container has-link\"><div class=\"vc_column-inner\"><div class=\"wpb_wrapper\"><div class=\"w-image style_shadow-1 align_left\"><a target=\"_blank\" href=\"https:\/\/munchkin-nook.com\/wp-content\/uploads\/2024\/05\/jatekok-egyutt-katanak-teszt.pdf\" aria-label=\"felhos\" class=\"w-image-h\"><img loading=\"lazy\" decoding=\"async\" width=\"1271\" height=\"1835\" src=\"https:\/\/munchkin-nook.com\/wp-content\/uploads\/2024\/06\/felhos.jpg\" class=\"attachment-full size-full\" alt=\"\" srcset=\"https:\/\/munchkin-nook.com\/wp-content\/uploads\/2024\/06\/felhos.jpg 1271w, https:\/\/munchkin-nook.com\/wp-content\/uploads\/2024\/06\/felhos-416x600.jpg 416w, https:\/\/munchkin-nook.com\/wp-content\/uploads\/2024\/06\/felhos-709x1024.jpg 709w, https:\/\/munchkin-nook.com\/wp-content\/uploads\/2024\/06\/felhos-208x300.jpg 208w\" sizes=\"auto, (max-width: 1271px) 100vw, 1271px\" \/><\/a><\/div><\/div><\/div><a href=\"https:\/\/munchkin-nook.com\/wp-content\/uploads\/2024\/05\/Szinezo-Pukli-mano.pdf\" class=\"vc_column-link smooth-scroll\" aria-label=\"Link\"><\/a><\/div><\/div><div class=\"g-cols wpb_row via_flex valign_top type_default stacking_default\"><div class=\"vc_col-sm-4 wpb_column vc_column_container has-link\"><div class=\"vc_column-inner\"><div class=\"wpb_wrapper\"><div class=\"wpb_text_column\"><div class=\"wpb_wrapper\"><h5 style=\"text-align: center;\">Fejezd be a rajzot<\/h5>\n<\/div><\/div><\/div><\/div><a href=\"https:\/\/munchkin-nook.com\/wp-content\/uploads\/2024\/06\/ki-volt-az.pdf\" class=\"vc_column-link smooth-scroll\" aria-label=\"Link\"><\/a><\/div><div class=\"vc_col-sm-4 wpb_column vc_column_container has-link\"><div class=\"vc_column-inner\"><div class=\"wpb_wrapper\"><div class=\"wpb_text_column\"><div class=\"wpb_wrapper\"><h5 style=\"text-align: center;\">Man\u00f3 tulajdons\u00e1gok<\/h5>\n<\/div><\/div><\/div><\/div><a href=\"https:\/\/munchkin-nook.com\/wp-content\/uploads\/2024\/05\/Csoportos-feladat-Felhotortenetek.pdf\" class=\"vc_column-link smooth-scroll\" aria-label=\"Link\"><\/a><\/div><div class=\"vc_col-sm-4 wpb_column vc_column_container has-link\"><div class=\"vc_column-inner\"><div class=\"wpb_wrapper\"><div class=\"wpb_text_column\"><div class=\"wpb_wrapper\"><h5 style=\"text-align: center;\">Rajzolj!<br \/>\nOd\u00fa man\u00f3 h\u00e1za<\/h5>\n<\/div><\/div><\/div><\/div><a href=\"https:\/\/munchkin-nook.com\/wp-content\/uploads\/2024\/05\/Fejezd-be-a-rajzot-Mano-altato.pdf\" class=\"vc_column-link smooth-scroll\" aria-label=\"Link\"><\/a><\/div><\/div><div class=\"g-cols wpb_row via_flex valign_top type_default stacking_default\"><div class=\"vc_col-sm-4 wpb_column vc_column_container has-link\"><div class=\"vc_column-inner\"><div class=\"wpb_wrapper\"><div class=\"w-image style_shadow-1 align_left\"><a target=\"_blank\" href=\"https:\/\/munchkin-nook.com\/wp-content\/uploads\/2024\/05\/jatekok-egyutt-katanak-teszt.pdf\" aria-label=\"Fejezd be a rajzot - Man\u00f3 altat\u00f3\" class=\"w-image-h\"><img loading=\"lazy\" decoding=\"async\" width=\"1058\" height=\"1497\" src=\"https:\/\/munchkin-nook.com\/wp-content\/uploads\/2024\/05\/Fejezd-be-a-rajzot-Mano-altato-pdf.jpg\" class=\"attachment-full size-full\" alt=\"\" \/><\/a><\/div><\/div><\/div><a href=\"https:\/\/munchkin-nook.com\/wp-content\/uploads\/2024\/05\/Olvasd-el.Melyik-a-helyes-valasz_.pdf\" class=\"vc_column-link smooth-scroll\" aria-label=\"Link\"><\/a><\/div><div class=\"vc_col-sm-4 wpb_column vc_column_container has-link\"><div class=\"vc_column-inner\"><div class=\"wpb_wrapper\"><div class=\"w-image style_shadow-1 align_left\"><a target=\"_blank\" href=\"https:\/\/munchkin-nook.com\/wp-content\/uploads\/2024\/05\/jatekok-egyutt-katanak-teszt.pdf\" aria-label=\"Man\u00f3tulajdons\u00e1gok\" class=\"w-image-h\"><img loading=\"lazy\" decoding=\"async\" width=\"1058\" height=\"1497\" src=\"https:\/\/munchkin-nook.com\/wp-content\/uploads\/2024\/05\/Manotulajdonsagok-pdf.jpg\" class=\"attachment-full size-full\" alt=\"\" \/><\/a><\/div><\/div><\/div><a href=\"https:\/\/munchkin-nook.com\/wp-content\/uploads\/2024\/05\/Csoportos-feladat-Felhotortenetek.pdf\" class=\"vc_column-link smooth-scroll\" aria-label=\"Link\"><\/a><\/div><div class=\"vc_col-sm-4 wpb_column vc_column_container has-link\"><div class=\"vc_column-inner\"><div class=\"wpb_wrapper\"><div class=\"w-image style_shadow-1 align_left\"><a target=\"_blank\" href=\"https:\/\/munchkin-nook.com\/wp-content\/uploads\/2024\/06\/Rajzolj.pdf\" aria-label=\"Rajzolj- Od\u00fa man\u00f3 h\u00e1za\" class=\"w-image-h\"><img loading=\"lazy\" decoding=\"async\" width=\"1058\" height=\"1497\" src=\"https:\/\/munchkin-nook.com\/wp-content\/uploads\/2024\/05\/Rajzolj-Odu-mano-haza-pdf.jpg\" class=\"attachment-full size-full\" alt=\"\" \/><\/a><\/div><\/div><\/div><a href=\"https:\/\/munchkin-nook.com\/wp-content\/uploads\/2024\/05\/Fejezd-be-a-rajzot-Mano-altato.pdf\" class=\"vc_column-link smooth-scroll\" aria-label=\"Link\"><\/a><\/div><\/div><\/div><\/div><\/div><\/div><\/div><\/section><section class=\"l-section wpb_row height_small\"><div class=\"l-section-h i-cf\"><div class=\"g-cols vc_row via_flex valign_top type_default stacking_default\"><div class=\"vc_col-sm-4 wpb_column vc_column_container\"><div class=\"vc_column-inner\"><div class=\"wpb_wrapper\"><div class=\"wpb_text_column\"><div class=\"wpb_wrapper\"><h2>6-8 \u00e9veseknek<\/h2>\n<\/div><\/div><\/div><\/div><\/div><div class=\"vc_col-sm-8 wpb_column vc_column_container\"><div class=\"vc_column-inner\"><div class=\"wpb_wrapper\"><div class=\"g-cols wpb_row via_flex valign_top type_default stacking_default\"><div class=\"vc_col-sm-4 wpb_column vc_column_container has-link\"><div class=\"vc_column-inner\"><div class=\"wpb_wrapper\"><div class=\"wpb_text_column\"><div class=\"wpb_wrapper\"><h5 style=\"text-align: center;\">Man\u00f3 tulajdons\u00e1gok<\/h5>\n<\/div><\/div><\/div><\/div><a href=\"https:\/\/munchkin-nook.com\/wp-content\/uploads\/2024\/05\/Manotulajdonsagok.pdf\" class=\"vc_column-link smooth-scroll\" aria-label=\"Link\"><\/a><\/div><div class=\"vc_col-sm-4 wpb_column vc_column_container has-link\"><div class=\"vc_column-inner\"><div class=\"wpb_wrapper\"><div class=\"wpb_text_column\"><div class=\"wpb_wrapper\"><h5 style=\"text-align: center;\">Olvasd el!<br \/>\nIgaz vagy hamis?<\/h5>\n<\/div><\/div><\/div><\/div><a href=\"https:\/\/munchkin-nook.com\/wp-content\/uploads\/2024\/05\/Rajzolj-Odu-mano-haza.pdf\" class=\"vc_column-link smooth-scroll\" aria-label=\"Link\"><\/a><\/div><div class=\"vc_col-sm-4 wpb_column vc_column_container has-link\"><div class=\"vc_column-inner\"><div class=\"wpb_wrapper\"><div class=\"wpb_text_column\"><div class=\"wpb_wrapper\"><h5 style=\"text-align: center;\">Felh\u0151 t\u00f6rt\u00e9netek<\/h5>\n<\/div><\/div><\/div><\/div><a href=\"https:\/\/munchkin-nook.com\/wp-content\/uploads\/2024\/05\/Fejezd-be-a-rajzot-Mano-altato.pdf\" class=\"vc_column-link smooth-scroll\" aria-label=\"Link\"><\/a><\/div><\/div><div class=\"g-cols wpb_row via_flex valign_top type_default stacking_default\"><div class=\"vc_col-sm-4 wpb_column vc_column_container\"><div class=\"vc_column-inner\"><div class=\"wpb_wrapper\"><div class=\"w-image style_shadow-1 align_left\"><a target=\"_blank\" href=\"https:\/\/munchkin-nook.com\/wp-content\/uploads\/2024\/05\/jatekok-egyutt-katanak-teszt.pdf\" aria-label=\"Man\u00f3tulajdons\u00e1gok\" class=\"w-image-h\"><img loading=\"lazy\" decoding=\"async\" width=\"1058\" height=\"1497\" src=\"https:\/\/munchkin-nook.com\/wp-content\/uploads\/2024\/05\/Manotulajdonsagok-pdf.jpg\" class=\"attachment-full size-full\" alt=\"\" \/><\/a><\/div><\/div><\/div><\/div><div class=\"vc_col-sm-4 wpb_column vc_column_container\"><div class=\"vc_column-inner\"><div class=\"wpb_wrapper\"><div class=\"w-image style_shadow-1 align_left\"><a target=\"_blank\" href=\"https:\/\/munchkin-nook.com\/wp-content\/uploads\/2024\/05\/jatekok-egyutt-katanak-teszt.pdf\" aria-label=\"Olvasd el. Igaz vagy hamis_\" class=\"w-image-h\"><img loading=\"lazy\" decoding=\"async\" width=\"1058\" height=\"1497\" src=\"https:\/\/munchkin-nook.com\/wp-content\/uploads\/2024\/05\/Olvasd-el.-Igaz-vagy-hamis_-pdf.jpg\" class=\"attachment-full size-full\" alt=\"\" \/><\/a><\/div><\/div><\/div><\/div><div class=\"vc_col-sm-4 wpb_column vc_column_container\"><div class=\"vc_column-inner\"><div class=\"wpb_wrapper\"><div class=\"w-image style_shadow-1 align_left\"><a target=\"_blank\" href=\"https:\/\/munchkin-nook.com\/wp-content\/uploads\/2024\/05\/jatekok-egyutt-katanak-teszt.pdf\" aria-label=\"felhos\" class=\"w-image-h\"><img loading=\"lazy\" decoding=\"async\" width=\"1271\" height=\"1835\" src=\"https:\/\/munchkin-nook.com\/wp-content\/uploads\/2024\/06\/felhos.jpg\" class=\"attachment-full size-full\" alt=\"\" srcset=\"https:\/\/munchkin-nook.com\/wp-content\/uploads\/2024\/06\/felhos.jpg 1271w, https:\/\/munchkin-nook.com\/wp-content\/uploads\/2024\/06\/felhos-416x600.jpg 416w, https:\/\/munchkin-nook.com\/wp-content\/uploads\/2024\/06\/felhos-709x1024.jpg 709w, https:\/\/munchkin-nook.com\/wp-content\/uploads\/2024\/06\/felhos-208x300.jpg 208w\" sizes=\"auto, (max-width: 1271px) 100vw, 1271px\" \/><\/a><\/div><\/div><\/div><\/div><\/div><div class=\"g-cols wpb_row via_flex valign_top type_default stacking_default\"><div class=\"vc_col-sm-4 wpb_column vc_column_container has-link\"><div class=\"vc_column-inner\"><div class=\"wpb_wrapper\"><div class=\"wpb_text_column\"><div class=\"wpb_wrapper\"><h5 style=\"text-align: center;\">Rajzolj<br \/>\nPukli \u00faj h\u00e1za<\/h5>\n<\/div><\/div><\/div><\/div><a href=\"https:\/\/munchkin-nook.com\/wp-content\/uploads\/2024\/05\/Manotulajdonsagok.pdf\" class=\"vc_column-link smooth-scroll\" aria-label=\"Link\"><\/a><\/div><div class=\"vc_col-sm-4 wpb_column vc_column_container has-link\"><div class=\"vc_column-inner\"><div class=\"wpb_wrapper\"><div class=\"wpb_text_column\"><div class=\"wpb_wrapper\"><h5 style=\"text-align: center;\">Melyik a<br \/>\nhelyes v\u00e1lasz?<\/h5>\n<\/div><\/div><\/div><\/div><a href=\"https:\/\/munchkin-nook.com\/wp-content\/uploads\/2024\/05\/Rajzolj-Odu-mano-haza.pdf\" class=\"vc_column-link smooth-scroll\" aria-label=\"Link\"><\/a><\/div><div class=\"vc_col-sm-4 wpb_column vc_column_container has-link\"><div class=\"vc_column-inner\"><div class=\"wpb_wrapper\"><\/div><\/div><a href=\"https:\/\/munchkin-nook.com\/wp-content\/uploads\/2024\/05\/Fejezd-be-a-rajzot-Mano-altato.pdf\" class=\"vc_column-link smooth-scroll\" aria-label=\"Link\"><\/a><\/div><\/div><div class=\"g-cols wpb_row via_flex valign_top type_default stacking_default\"><div class=\"vc_col-sm-4 wpb_column vc_column_container\"><div class=\"vc_column-inner\"><div class=\"wpb_wrapper\"><div class=\"w-image style_shadow-1 align_left\"><a target=\"_blank\" href=\"https:\/\/munchkin-nook.com\/wp-content\/uploads\/2024\/05\/jatekok-egyutt-katanak-teszt.pdf\" aria-label=\"Olvasd el &amp; Rajzolj-Pukli Man\u00f3 \u00faj h\u00e1za\" class=\"w-image-h\"><img loading=\"lazy\" decoding=\"async\" width=\"1058\" height=\"1497\" src=\"https:\/\/munchkin-nook.com\/wp-content\/uploads\/2024\/05\/Olvasd-el-Rajzolj-Pukli-Mano-uj-haza-1-pdf.jpg\" class=\"attachment-full size-full\" alt=\"\" \/><\/a><\/div><\/div><\/div><\/div><div class=\"vc_col-sm-4 wpb_column vc_column_container\"><div class=\"vc_column-inner\"><div class=\"wpb_wrapper\"><div class=\"w-image style_shadow-1 align_left\"><a target=\"_blank\" href=\"https:\/\/munchkin-nook.com\/wp-content\/uploads\/2024\/06\/ki-volt-az.pdf\" aria-label=\"ki-volt-az\" class=\"w-image-h\"><img loading=\"lazy\" decoding=\"async\" width=\"1058\" height=\"1497\" src=\"https:\/\/munchkin-nook.com\/wp-content\/uploads\/2024\/06\/ki-volt-az-pdf.jpg\" class=\"attachment-full size-full\" alt=\"\" \/><\/a><\/div><\/div><\/div><\/div><div class=\"vc_col-sm-4 wpb_column vc_column_container\"><div class=\"vc_column-inner\"><div class=\"wpb_wrapper\"><\/div><\/div><\/div><\/div><\/div><\/div><\/div><\/div><\/div><\/section>\n","protected":false},"excerpt":{"rendered":"Tanterem 4-5 \u00e9veseknek V\u00e1gj \u00e9s ragassz Eszk\u00f6z\u00f6k Man\u00f3 Labirintus Rajzolj Pukli \u00faj h\u00e1za Sz\u00ednez\u0151 Bark\u00e1cs man\u00f3 Sz\u00ednez\u0151 Pukli man\u00f3 Felh\u0151 t\u00f6rt\u00e9netek Fejezd be a rajzot Man\u00f3 tulajdons\u00e1gok Rajzolj! Od\u00fa man\u00f3 h\u00e1za 6-8 \u00e9veseknek Man\u00f3 tulajdons\u00e1gok Olvasd el! Igaz vagy hamis? Felh\u0151 t\u00f6rt\u00e9netek Rajzolj Pukli \u00faj h\u00e1za Melyik a helyes v\u00e1lasz?","protected":false},"author":1,"featured_media":0,"parent":0,"menu_order":0,"comment_status":"closed","ping_status":"closed","template":"","meta":{"footnotes":""},"class_list":["post-150","page","type-page","status-publish","hentry"],"_links":{"self":[{"href":"https:\/\/munchkin-nook.com\/hu\/wp-json\/wp\/v2\/pages\/150","targetHints":{"allow":["GET"]}}],"collection":[{"href":"https:\/\/munchkin-nook.com\/hu\/wp-json\/wp\/v2\/pages"}],"about":[{"href":"https:\/\/munchkin-nook.com\/hu\/wp-json\/wp\/v2\/types\/page"}],"author":[{"embeddable":true,"href":"https:\/\/munchkin-nook.com\/hu\/wp-json\/wp\/v2\/users\/1"}],"replies":[{"embeddable":true,"href":"https:\/\/munchkin-nook.com\/hu\/wp-json\/wp\/v2\/comments?post=150"}],"version-history":[{"count":47,"href":"https:\/\/munchkin-nook.com\/hu\/wp-json\/wp\/v2\/pages\/150\/revisions"}],"predecessor-version":[{"id":395,"href":"https:\/\/munchkin-nook.com\/hu\/wp-json\/wp\/v2\/pages\/150\/revisions\/395"}],"wp:attachment":[{"href":"https:\/\/munchkin-nook.com\/hu\/wp-json\/wp\/v2\/media?parent=150"}],"curies":[{"name":"wp","href":"https:\/\/api.w.org\/{rel}","templated":true}]}}