{"id":151,"date":"2024-05-09T15:04:15","date_gmt":"2024-05-09T13:04:15","guid":{"rendered":"https:\/\/munchkin-nook.com\/?page_id=151"},"modified":"2024-05-22T10:43:00","modified_gmt":"2024-05-22T08:43:00","slug":"a-tortenet","status":"publish","type":"page","link":"https:\/\/munchkin-nook.com\/hu\/a-tortenet\/","title":{"rendered":"A t\u00f6rt\u00e9net"},"content":{"rendered":"<section class=\"l-section wpb_row height_small\"><div class=\"l-section-h i-cf\"><div class=\"g-cols vc_row via_flex valign_top type_default stacking_default\"><div class=\"vc_col-sm-12 wpb_column vc_column_container\"><div class=\"vc_column-inner\"><div class=\"wpb_wrapper\"><div class=\"wpb_text_column\"><div class=\"wpb_wrapper\"><h3>A T\u00d6RT\u00c9NET<\/h3>\n<\/div><\/div><\/div><\/div><\/div><\/div><\/div><\/section><section class=\"l-section wpb_row height_small\"><div class=\"l-section-h i-cf\"><div class=\"g-cols vc_row via_flex valign_top type_default stacking_default\"><div class=\"vc_col-sm-3\/5 wpb_column vc_column_container\"><div class=\"vc_column-inner\"><div class=\"wpb_wrapper\"><div class=\"wpb_text_column\"><div class=\"wpb_wrapper\"><p>A mes\u00e9t a Zugliget \u00d3voda Z\u00f6ld csoportja mes\u00e9lte el.<br \/>\nMoln\u00e1r Krisztina Rita az el\u0151szav\u00e1ban gy\u00f6ny\u00f6r\u0171en fogalmazza meg az alkot\u00e1s folyamat\u00e1t: \u201eEz a k\u00f6nyv azonban annyira saj\u00e1tos k\u00f6r\u00fclm\u00e9nyek k\u00f6zt keletkezett, hogy mindenk\u00e9pp figyelmet \u00e9rdemel.<\/p>\n<p>A mes\u00e9k hossz\u00fa \u00e9vsz\u00e1zadokon \u00e1t egy-egy k\u00f6z\u00f6ss\u00e9g alkot\u00e1sai voltak. Nem lehetett megmondani, ki az az egyetlen szerz\u0151, akinek a nev\u00e9hez f\u0171z\u0151dik egy-egy t\u00f6rt\u00e9net. Annak ellen\u00e9re, hogy minden n\u00e9pmes\u00e9t egyetlen, nagyon is val\u00f3s\u00e1gos szem\u00e9ly fogalmazott meg el\u0151sz\u00f6r, akinek neve nem maradt fenn. Hiszen nem a mes\u00e9l\u0151 neve volt a fontos, hanem a t\u00f6rt\u00e9net. Ami azt\u00e1n a sz\u00f3beli tov\u00e1bbad\u00e1s saj\u00e1ts\u00e1gai szerint id\u0151vel alakult: \u00fajabb r\u00e9szletekkel, szerepl\u0151kkel vagy kalandokkal b\u0151v\u00fclt, v\u00e1ltozott.<\/p>\n<p>Manaps\u00e1g ritka, hogy egy t\u00f6rt\u00e9net kollekt\u00edv szellemi alkot\u00e1s legyen, ha m\u00e9gis, \u00e1ltal\u00e1ban pontosan ismerj\u00fck az alkot\u00f3k nev\u00e9t.<br \/>\nA Man\u00f3-zug mes\u00e9i k\u00f6z\u00f6ss\u00e9gi alkot\u00e1s. M\u00e9ghozz\u00e1 egy olyan k\u00f6z\u00f6ss\u00e9g kedves t\u00f6rt\u00e9nete, melynek tagjai nem csup\u00e1n feln\u0151ttek, hanem maguk a gyerekek.<br \/>\nMan\u00f3-zug lak\u00f3inak mikrovil\u00e1ga a val\u00f3s\u00e1g t\u00fckre. A mindennapok abb\u00f3l a l\u00e1t\u00f3sz\u00f6gb\u0151l t\u00fckr\u00f6z\u0151dnek benn\u00fck, ahogy egy n\u00e9gy-\u00f6t\u00e9ves l\u00e1tja az \u0151t k\u00f6r\u00fclvev\u0151 bonyolult, sz\u00e1m\u00e1ra csak egyszer\u0171s\u00edtve \u00e1ttekinthet\u0151 val\u00f3s\u00e1gdarabokat.<br \/>\nMan\u00f3-perspekt\u00edv\u00e1b\u00f3l.<\/p>\n<p>A gyerekek t\u00f6rt\u00e9neteinek lejegyz\u00e9s\u00e9ben \u00e9s \u00f6sszef\u0171z\u00e9s\u00e9ben, form\u00e1ba \u00f6nt\u00e9s\u00e9ben, kieg\u00e9sz\u00edt\u00e9s\u00e9ben \u00f3v\u00f3n\u0151ik voltak a gyerekek seg\u00edts\u00e9g\u00e9re \u2013 \u00e9s ahogy Puklinak, a kisman\u00f3nak is sz\u00fcks\u00e9ge volt a n\u00e1la b\u00f6lcsebb man\u00f3k tud\u00e1s\u00e1ra, \u00fagy vett r\u00e9szt a munk\u00e1ban a szerkeszt\u0151, a t\u00f6rdel\u0151, az illusztr\u00e1tor is.<br \/>\nPukli \u00e9s Man\u00f3-zug b\u00e9k\u00e9s vil\u00e1g\u00e1t hitelesen \u00e9s szeretettel jelen\u00edti meg Tim\u00e1r Andr\u00e1s, a k\u00f6nyv illusztr\u00e1tora.\u201d<\/p>\n<\/div><\/div><\/div><\/div><\/div><div class=\"vc_col-sm-2\/5 wpb_column vc_column_container\"><div class=\"vc_column-inner\"><div class=\"wpb_wrapper\"><div class=\"w-image align_none\"><a ref=\"magnificPopup\" href=\"https:\/\/munchkin-nook.com\/wp-content\/uploads\/2024\/05\/rajz.jpg\" aria-label=\"rajz\" class=\"w-image-h\"><img loading=\"lazy\" decoding=\"async\" width=\"1024\" height=\"733\" src=\"https:\/\/munchkin-nook.com\/wp-content\/uploads\/2024\/05\/rajz.jpg\" class=\"attachment-large size-large\" alt=\"\" srcset=\"https:\/\/munchkin-nook.com\/wp-content\/uploads\/2024\/05\/rajz.jpg 1024w, https:\/\/munchkin-nook.com\/wp-content\/uploads\/2024\/05\/rajz-600x429.jpg 600w, https:\/\/munchkin-nook.com\/wp-content\/uploads\/2024\/05\/rajz-300x215.jpg 300w\" sizes=\"auto, (max-width: 1024px) 100vw, 1024px\" \/><\/a><\/div><div class=\"w-image align_none\"><a ref=\"magnificPopup\" href=\"https:\/\/munchkin-nook.com\/wp-content\/uploads\/2024\/05\/csoport.jpg\" aria-label=\"csoport\" class=\"w-image-h\"><img loading=\"lazy\" decoding=\"async\" width=\"1024\" height=\"658\" src=\"https:\/\/munchkin-nook.com\/wp-content\/uploads\/2024\/05\/csoport-1024x658.jpg\" class=\"attachment-large size-large\" alt=\"\" srcset=\"https:\/\/munchkin-nook.com\/wp-content\/uploads\/2024\/05\/csoport-1024x658.jpg 1024w, https:\/\/munchkin-nook.com\/wp-content\/uploads\/2024\/05\/csoport-600x386.jpg 600w, https:\/\/munchkin-nook.com\/wp-content\/uploads\/2024\/05\/csoport-300x193.jpg 300w, https:\/\/munchkin-nook.com\/wp-content\/uploads\/2024\/05\/csoport.jpg 1736w\" sizes=\"auto, (max-width: 1024px) 100vw, 1024px\" \/><\/a><\/div><\/div><\/div><\/div><\/div><\/div><\/section><section class=\"l-section wpb_row height_small\"><div class=\"l-section-h i-cf\"><div class=\"g-cols vc_row via_flex valign_top type_default stacking_default\"><div class=\"vc_col-sm-12 wpb_column vc_column_container\"><div class=\"vc_column-inner\"><div class=\"wpb_wrapper\"><div class=\"wpb_text_column\"><div class=\"wpb_wrapper\"><h3>AZ ALKOT\u00d3K<\/h3>\n<\/div><\/div><\/div><\/div><\/div><\/div><\/div><\/section><section class=\"l-section wpb_row height_small\"><div class=\"l-section-h i-cf\"><div class=\"g-cols vc_row via_flex valign_middle type_default stacking_default\"><div class=\"vc_col-sm-3 wpb_column vc_column_container\"><div class=\"vc_column-inner\"><div class=\"wpb_wrapper\"><div class=\"wpb_text_column\"><div class=\"wpb_wrapper\"><p><strong>Div\u00e9nyin\u00e9 Farkas Katalin (Katinka)<\/strong><br \/>\n<strong>\u00d3vodapedag\u00f3gus<\/strong><\/p>\n<\/div><\/div><div class=\"w-separator size_small\"><\/div><div class=\"w-image align_none\"><a ref=\"magnificPopup\" href=\"https:\/\/munchkin-nook.com\/wp-content\/uploads\/2024\/05\/katinka-Copy.jpg\" aria-label=\"katinka - Copy\" class=\"w-image-h\"><img loading=\"lazy\" decoding=\"async\" width=\"267\" height=\"400\" src=\"https:\/\/munchkin-nook.com\/wp-content\/uploads\/2024\/05\/katinka-Copy.jpg\" class=\"attachment-full size-full\" alt=\"\" srcset=\"https:\/\/munchkin-nook.com\/wp-content\/uploads\/2024\/05\/katinka-Copy.jpg 267w, https:\/\/munchkin-nook.com\/wp-content\/uploads\/2024\/05\/katinka-Copy-200x300.jpg 200w\" sizes=\"auto, (max-width: 267px) 100vw, 267px\" \/><\/a><\/div><\/div><\/div><\/div><div class=\"vc_col-sm-9 wpb_column vc_column_container\"><div class=\"vc_column-inner\"><div class=\"wpb_wrapper\"><div class=\"wpb_text_column\"><div class=\"wpb_wrapper\"><p>Valamikor az \u00f3vod\u00e1ban n\u00e9gy Katalin keresztnev\u0171 \u00f3v\u00f3n\u0151 dolgozott. \u00cdgy \u0151 lett a Katinka.<br \/>\n32 \u00e9ve ker\u00fclt a Zugliget \u00d3vod\u00e1ba m\u00e9g gyakornokk\u00e9nt.<br \/>\nP\u00e1r \u00e9vvel k\u00e9s\u0151bb, lelkes fiatalk\u00e9nt n\u00e9h\u00e1ny koll\u00e9g\u00e1j\u00e1val kidolgozt\u00e1k a Freinet pedag\u00f3giai m\u00f3dszert alapul vev\u0151 helyi programot.<br \/>\n\u201eC\u00e9lunk, hogy a gyerekeket hozz\u00e1seg\u00edts\u00fck min\u00e9l t\u00f6bb tapasztalatszerz\u00e9shez, hogy ez\u00e1ltal n\u00f6velj\u00fck \u00f6nbizalmukat \u00e9s t\u00e1mogassuk \u0151ket abban, hogy magabiztosan igazodjanak el a vil\u00e1gban. Ehhez fontos, hogy feszegess\u00e9k hat\u00e1raikat, vizsg\u00e1l\u00f3djanak, k\u00eds\u00e9rletezzenek, felfedezzenek. Ez a szeml\u00e9let vez\u00e9rel \u00f6t gyermekem nevel\u00e9s\u00e9ben \u00e9s ezt igyekszem \u00e1tadni<br \/>\nf\u0151iskolai hallgat\u00f3imnak, gyakornok koll\u00e9g\u00e1imnak, valamint minden sz\u00fcl\u0151nek.\u201d<\/p>\n<\/div><\/div><\/div><\/div><\/div><\/div><\/div><\/section><section class=\"l-section wpb_row height_small\"><div class=\"l-section-h i-cf\"><div class=\"g-cols vc_row via_flex valign_middle type_default stacking_default\"><div class=\"vc_col-sm-3 wpb_column vc_column_container\"><div class=\"vc_column-inner\"><div class=\"wpb_wrapper\"><div class=\"w-separator size_small\"><\/div><div class=\"w-image align_none\"><a ref=\"magnificPopup\" href=\"https:\/\/munchkin-nook.com\/wp-content\/uploads\/2024\/05\/reka-Copy.jpg\" aria-label=\"reka - Copy\" class=\"w-image-h\"><img loading=\"lazy\" decoding=\"async\" width=\"267\" height=\"400\" src=\"https:\/\/munchkin-nook.com\/wp-content\/uploads\/2024\/05\/reka-Copy.jpg\" class=\"attachment-full size-full\" alt=\"\" srcset=\"https:\/\/munchkin-nook.com\/wp-content\/uploads\/2024\/05\/reka-Copy.jpg 267w, https:\/\/munchkin-nook.com\/wp-content\/uploads\/2024\/05\/reka-Copy-200x300.jpg 200w\" sizes=\"auto, (max-width: 267px) 100vw, 267px\" \/><\/a><\/div><\/div><\/div><\/div><div class=\"vc_col-sm-9 wpb_column vc_column_container\"><div class=\"vc_column-inner\"><div class=\"wpb_wrapper\"><div class=\"wpb_text_column\"><div class=\"wpb_wrapper\"><p>Vass R\u00e9ka m\u00e1r gyerekk\u00e9nt megismerte Man\u00f3-zug helysz\u00edn\u00e9t, hiszen a Zugliget \u00d3vod\u00e1ban t\u00f6lt\u00f6tte \u00f3vod\u00e1s \u00e9veit. \u00d3vodapedag\u00f3gus diplom\u00e1j\u00e1t 2005-ben vette \u00e1t. Kisfia jelenleg is a Zugliget \u00f3vod\u00e1ba j\u00e1r. Katink\u00e1val k\u00f6z\u00f6sen vezetik a Zugliget \u00d3voda Z\u00f6ld csoportj\u00e1t. \u201cKatink\u00e1val t\u00f6bb, mint 15 \u00e9ve ismerj\u00fck egym\u00e1st, hamar bar\u00e1tok lett\u00fcnk. \u0150 szerettette meg velem a Freinet pedag\u00f3gi\u00e1t, melyr\u0151l azt gondolom, nincs \u00e9sszer\u0171en gyermekk\u00f6zpont\u00fabb szeml\u00e9let. Odafigyelek a gyerekek reakci\u00f3ira, fontosnak tartom, hogy hangot adhassanak v\u00e9lem\u00e9ny\u00fcknek, gondolataiknak.\u201d<\/p>\n<\/div><\/div><\/div><\/div><\/div><\/div><\/div><\/section><section class=\"l-section wpb_row height_small\"><div class=\"l-section-h i-cf\"><div class=\"g-cols vc_row via_flex valign_middle type_default stacking_default\"><div class=\"vc_col-sm-3 wpb_column vc_column_container\"><div class=\"vc_column-inner\"><div class=\"wpb_wrapper\"><div class=\"wpb_text_column\"><div class=\"wpb_wrapper\"><p><strong>Tim\u00e1r Andr\u00e1s (Apuka)<\/strong><br \/>\n<strong>Illusztr\u00e1ci\u00f3k<\/strong><\/p>\n<\/div><\/div><div class=\"w-separator size_small\"><\/div><div class=\"w-image align_none\"><a ref=\"magnificPopup\" href=\"https:\/\/munchkin-nook.com\/wp-content\/uploads\/2024\/05\/bandi3-1-Copy.jpg\" aria-label=\"bandi3-1 - Copy\" class=\"w-image-h\"><img loading=\"lazy\" decoding=\"async\" width=\"267\" height=\"400\" src=\"https:\/\/munchkin-nook.com\/wp-content\/uploads\/2024\/05\/bandi3-1-Copy.jpg\" class=\"attachment-full size-full\" alt=\"\" srcset=\"https:\/\/munchkin-nook.com\/wp-content\/uploads\/2024\/05\/bandi3-1-Copy.jpg 267w, https:\/\/munchkin-nook.com\/wp-content\/uploads\/2024\/05\/bandi3-1-Copy-200x300.jpg 200w\" sizes=\"auto, (max-width: 267px) 100vw, 267px\" \/><\/a><\/div><\/div><\/div><\/div><div class=\"vc_col-sm-9 wpb_column vc_column_container\"><div class=\"vc_column-inner\"><div class=\"wpb_wrapper\"><div class=\"wpb_text_column\"><div class=\"wpb_wrapper\"><p>Tim\u00e1r Andr\u00e1s eredetileg k\u00e9pz\u0151m\u0171v\u00e9sznek k\u00e9sz\u00fclt. M\u00e1r nagyon fiatalon marketinggel \u00e9s rekl\u00e1mmal foglalkozott. Az elm\u00falt h\u00fasz \u00e9vben, t\u00f6bb magyar \u00e9s nemzetk\u00f6zi brand arculat\u00e1t tervezte \u00e9s kommunik\u00e1ci\u00f3j\u00e1t k\u00e9sz\u00edtette bar\u00e1tj\u00e1val, Vadim Ostapenko-val.<br \/>\nK\u00e9t gyermeke \u00e9desapja. Kisebbik fi\u00e1r\u00f3l, Marcir\u00f3l mint\u00e1zta Pukli man\u00f3 figur\u00e1j\u00e1t.<br \/>\nA fest\u00e9shez val\u00f3 visszat\u00e9r\u00e9sr\u0151l soha nem mondott le\u2026<\/p>\n<\/div><\/div><\/div><\/div><\/div><\/div><\/div><\/section>\n","protected":false},"excerpt":{"rendered":"A T\u00d6RT\u00c9NET A mes\u00e9t a Zugliget \u00d3voda Z\u00f6ld csoportja mes\u00e9lte el. Moln\u00e1r Krisztina Rita az el\u0151szav\u00e1ban gy\u00f6ny\u00f6r\u0171en fogalmazza meg az alkot\u00e1s folyamat\u00e1t: \u201eEz a k\u00f6nyv azonban annyira saj\u00e1tos k\u00f6r\u00fclm\u00e9nyek k\u00f6zt keletkezett, hogy mindenk\u00e9pp figyelmet \u00e9rdemel. A mes\u00e9k hossz\u00fa \u00e9vsz\u00e1zadokon \u00e1t egy-egy k\u00f6z\u00f6ss\u00e9g alkot\u00e1sai voltak. Nem lehetett megmondani, ki az az egyetlen szerz\u0151, akinek a nev\u00e9hez...","protected":false},"author":1,"featured_media":0,"parent":0,"menu_order":0,"comment_status":"closed","ping_status":"closed","template":"","meta":{"footnotes":""},"class_list":["post-151","page","type-page","status-publish","hentry"],"_links":{"self":[{"href":"https:\/\/munchkin-nook.com\/hu\/wp-json\/wp\/v2\/pages\/151","targetHints":{"allow":["GET"]}}],"collection":[{"href":"https:\/\/munchkin-nook.com\/hu\/wp-json\/wp\/v2\/pages"}],"about":[{"href":"https:\/\/munchkin-nook.com\/hu\/wp-json\/wp\/v2\/types\/page"}],"author":[{"embeddable":true,"href":"https:\/\/munchkin-nook.com\/hu\/wp-json\/wp\/v2\/users\/1"}],"replies":[{"embeddable":true,"href":"https:\/\/munchkin-nook.com\/hu\/wp-json\/wp\/v2\/comments?post=151"}],"version-history":[{"count":7,"href":"https:\/\/munchkin-nook.com\/hu\/wp-json\/wp\/v2\/pages\/151\/revisions"}],"predecessor-version":[{"id":175,"href":"https:\/\/munchkin-nook.com\/hu\/wp-json\/wp\/v2\/pages\/151\/revisions\/175"}],"wp:attachment":[{"href":"https:\/\/munchkin-nook.com\/hu\/wp-json\/wp\/v2\/media?parent=151"}],"curies":[{"name":"wp","href":"https:\/\/api.w.org\/{rel}","templated":true}]}}